{"id":1014,"date":"2025-10-21T14:37:51","date_gmt":"2025-10-21T12:37:51","guid":{"rendered":"https:\/\/les3univerre.fr\/?post_type=product&#038;p=1014"},"modified":"2026-01-23T11:08:01","modified_gmt":"2026-01-23T10:08:01","slug":"pendule-bordeaux-en-verre-de-murano","status":"publish","type":"product","link":"https:\/\/les3univerre.fr\/en\/product\/pendule-bordeaux-en-verre-de-murano\/","title":{"rendered":"Bordeaux Murano glass clock"},"content":{"rendered":"<h1>Hand-crafted Murano glass clock with aventurina inlay and metallic effects<\/h1>\n<p>&nbsp;<\/p>\n<p>Add this pendulum <strong>unique<\/strong> to your collection and let its light guide your feelings!<br \/>\nCreated in Murano glass, it features inlays of golden aventurina with metallic effects created by adding silver to the glass.<br \/>\nThe pearl is mounted on a stainless steel chain.<\/p>\n<p>Length = 30 cm<\/p>\n<h3 data-start=\"628\" data-end=\"659\">Symbolism of Bordeaux :<\/h3>\n<ul data-start=\"660\" data-end=\"1276\">\n<li data-start=\"660\" data-end=\"778\">\n<p data-start=\"662\" data-end=\"778\"><strong data-start=\"662\" data-end=\"681\">Soft power<\/strong> : unlike bright red, burgundy symbolises a <strong data-start=\"738\" data-end=\"775\">energy that's contained, stable and poised<\/strong>.<\/p>\n<\/li>\n<li data-start=\"779\" data-end=\"900\">\n<p data-start=\"781\" data-end=\"900\"><strong data-start=\"781\" data-end=\"808\">Anchoring and rooting<\/strong> It acts on the <strong data-start=\"826\" data-end=\"843\">root chakra<\/strong>providing security, assurance and inner strength.<\/p>\n<\/li>\n<li data-start=\"901\" data-end=\"1010\">\n<p data-start=\"903\" data-end=\"1010\"><strong data-start=\"903\" data-end=\"929\">Elegance and depth<\/strong> : a hint of refinement, it reflects the <strong data-start=\"971\" data-end=\"1007\">wisdom gained through experience<\/strong>.<\/p>\n<\/li>\n<li data-start=\"1011\" data-end=\"1135\">\n<p data-start=\"1013\" data-end=\"1135\"><strong data-start=\"1013\" data-end=\"1042\">Internal transformation<\/strong> Bordeaux evokes life cycles, resilience and growth after hardship.<\/p>\n<\/li>\n<li data-start=\"1136\" data-end=\"1276\">\n<p data-start=\"1138\" data-end=\"1276\"><strong data-start=\"1138\" data-end=\"1173\">Connecting to the earth and the heart<\/strong> It links the physical body to the consciousness of the heart, promoting a balance between action and feeling.<\/p>\n<\/li>\n<\/ul>\n<h3 data-start=\"1622\" data-end=\"1653\">Symbolism of money :<\/h3>\n<ul data-start=\"1654\" data-end=\"2219\">\n<li data-start=\"1654\" data-end=\"1752\">\n<p data-start=\"1656\" data-end=\"1752\"><strong data-start=\"1656\" data-end=\"1687\">Feminine and lunar energy<\/strong> Connects with gentleness, intuition and deep emotions.<\/p>\n<\/li>\n<li data-start=\"1753\" data-end=\"1882\">\n<p data-start=\"1755\" data-end=\"1882\"><strong data-start=\"1755\" data-end=\"1771\">Purification<\/strong> Money has the reputation of<strong data-start=\"1801\" data-end=\"1836\">absorb negative energies<\/strong> and to protect the wearer.<\/p>\n<\/li>\n<li data-start=\"1883\" data-end=\"1983\">\n<p data-start=\"1885\" data-end=\"1983\"><strong data-start=\"1885\" data-end=\"1916\">Reflection and mental clarity<\/strong> Like a mirror, it invites lucidity and introspection.<\/p>\n<\/li>\n<li data-start=\"1984\" data-end=\"2074\">\n<p data-start=\"1986\" data-end=\"2074\"><strong data-start=\"1986\" data-end=\"2011\">Harmony and balance<\/strong> Regulates excessive emotions and promotes serenity.<\/p>\n<\/li>\n<li data-start=\"2075\" data-end=\"2219\">\n<p data-start=\"2077\" data-end=\"2219\"><strong data-start=\"2077\" data-end=\"2104\">Energy amplifier<\/strong> In energetic jewellery, silver is renowned for <strong data-start=\"2159\" data-end=\"2199\">reinforce the vibrations of the stones<\/strong> it accompanies.<\/p>\n<\/li>\n<\/ul>\n<h3 data-start=\"1681\" data-end=\"1708\">Main properties of aventurine :<\/h3>\n<ul data-start=\"1709\" data-end=\"2220\">\n<li data-start=\"1709\" data-end=\"1825\">\n<p data-start=\"1711\" data-end=\"1825\"><strong data-start=\"1711\" data-end=\"1746\">Heart stone (heart chakra)<\/strong> It encourages <strong data-start=\"1766\" data-end=\"1801\">gentleness, emotional balance<\/strong> and the <strong data-start=\"1808\" data-end=\"1822\">compassion<\/strong>.<\/p>\n<\/li>\n<li data-start=\"1826\" data-end=\"1948\">\n<p data-start=\"1828\" data-end=\"1948\">Bring <strong data-start=\"1836\" data-end=\"1860\">luck and prosperity<\/strong> Traditionally used to attract opportunities and dispel obstacles.<\/p>\n<\/li>\n<li data-start=\"1949\" data-end=\"2021\">\n<p data-start=\"1951\" data-end=\"2021\">Encourages <strong data-start=\"1964\" data-end=\"1991\">fair decision-making<\/strong> and the <strong data-start=\"1998\" data-end=\"2018\">self-confidence<\/strong>.<\/p>\n<\/li>\n<li data-start=\"2022\" data-end=\"2113\">\n<p data-start=\"2024\" data-end=\"2113\">Soothes stress, calms overly strong emotions and helps the body to recover.<strong data-start=\"2087\" data-end=\"2110\">inner harmony<\/strong>.<\/p>\n<\/li>\n<li data-start=\"2114\" data-end=\"2220\">\n<p data-start=\"2116\" data-end=\"2220\">In dowsing, aventurine helps to <strong data-start=\"2153\" data-end=\"2219\">receive clear answers without emotional interference<\/strong>.<\/p>\n<\/li>\n<\/ul>\n<h2 data-start=\"2350\" data-end=\"2413\"><strong data-start=\"2356\" data-end=\"2413\">Bordeaux &amp; Argent: the union of Earth and Moon<\/strong><\/h2>\n<p data-start=\"2415\" data-end=\"2542\">These two energies complement each other perfectly:<br data-start=\"2460\" data-end=\"2463\" \/>the <strong data-start=\"2466\" data-end=\"2478\">bordeaux<\/strong> anchors and warms, while <strong data-start=\"2510\" data-end=\"2522\">the money<\/strong> elevates and purifies.<\/p>\n<p data-start=\"2802\" data-end=\"2975\">Together, they create a vibration of<strong data-start=\"2842\" data-end=\"2865\">inner balance<\/strong>, d'<strong data-start=\"2869\" data-end=\"2934\">harmony between depth of heart and clarity of mind<\/strong>.<br data-start=\"2935\" data-end=\"2938\" \/>It's an ideal combination for :<\/p>\n<ul data-start=\"2976\" data-end=\"3147\">\n<li data-start=\"2976\" data-end=\"3010\">\n<p data-start=\"2978\" data-end=\"3010\">Refocus emotionally,<\/p>\n<\/li>\n<li data-start=\"3011\" data-end=\"3047\">\n<p data-start=\"3013\" data-end=\"3047\">Stimulate inspired creativity,<\/p>\n<\/li>\n<li data-start=\"3048\" data-end=\"3088\">\n<p data-start=\"3050\" data-end=\"3088\">Move forward with confidence and intuition,<\/p>\n<\/li>\n<li data-start=\"3089\" data-end=\"3147\">\n<p data-start=\"3091\" data-end=\"3147\">Soothe your emotions while maintaining your vitality.<\/p>\n<\/li>\n<\/ul>\n<h4 data-start=\"1098\" data-end=\"1313\"><strong data-start=\"1100\" data-end=\"1126\">An exceptional clock<\/strong>as aesthetically pleasing as it is energy-efficient\u00a0<strong data-start=\"1172\" data-end=\"1204\">all levels of practice<\/strong>\u00a0- from beginner to enthusiast.<br data-start=\"1232\" data-end=\"1235\" \/>Delivered in an elegant box, ready to become your spiritual ally.<\/h4>","protected":false},"excerpt":{"rendered":"<p>Bordeaux Murano glass clock, aventurina inlay and metallic effects<\/p>","protected":false},"featured_media":1006,"comment_status":"closed","ping_status":"closed","template":"","meta":{"_seopress_robots_primary_cat":"none","_seopress_titles_title":"Pendule en verre de Murano fa\u00e7onn\u00e9 \u00e0 la main avec inclusion d'aventurine et effets m\u00e9tallis\u00e9s","_seopress_titles_desc":"Pendule artisanal bordeaux en verre de Murano, inclusion d'aventurine et effets m\u00e9tallis\u00e9s","_seopress_robots_index":""},"product_cat":[65],"product_tag":[],"class_list":{"0":"post-1014","1":"product","2":"type-product","3":"status-publish","4":"has-post-thumbnail","6":"product_cat-pendules","8":"first","9":"instock","10":"shipping-taxable","11":"purchasable","12":"product-type-simple"},"_links":{"self":[{"href":"https:\/\/les3univerre.fr\/en\/wp-json\/wp\/v2\/product\/1014","targetHints":{"allow":["GET"]}}],"collection":[{"href":"https:\/\/les3univerre.fr\/en\/wp-json\/wp\/v2\/product"}],"about":[{"href":"https:\/\/les3univerre.fr\/en\/wp-json\/wp\/v2\/types\/product"}],"replies":[{"embeddable":true,"href":"https:\/\/les3univerre.fr\/en\/wp-json\/wp\/v2\/comments?post=1014"}],"wp:featuredmedia":[{"embeddable":true,"href":"https:\/\/les3univerre.fr\/en\/wp-json\/wp\/v2\/media\/1006"}],"wp:attachment":[{"href":"https:\/\/les3univerre.fr\/en\/wp-json\/wp\/v2\/media?parent=1014"}],"wp:term":[{"taxonomy":"product_cat","embeddable":true,"href":"https:\/\/les3univerre.fr\/en\/wp-json\/wp\/v2\/product_cat?post=1014"},{"taxonomy":"product_tag","embeddable":true,"href":"https:\/\/les3univerre.fr\/en\/wp-json\/wp\/v2\/product_tag?post=1014"}],"curies":[{"name":"wp","href":"https:\/\/api.w.org\/{rel}","templated":true}]}}