{"id":1026,"date":"2025-10-21T15:41:56","date_gmt":"2025-10-21T13:41:56","guid":{"rendered":"https:\/\/les3univerre.fr\/?post_type=product&#038;p=1026"},"modified":"2026-01-23T11:07:36","modified_gmt":"2026-01-23T10:07:36","slug":"pendule-rose-transparent-effet-metallise","status":"publish","type":"product","link":"https:\/\/les3univerre.fr\/en\/product\/pendule-rose-transparent-effet-metallise\/","title":{"rendered":"Transparent pink clock with metallic effect"},"content":{"rendered":"<h1>Pink Murano glass clock - Softness, light and harmony<\/h1>\n<p data-start=\"510\" data-end=\"937\">Let yourself be seduced by this unique hand-crafted clock.<\/p>\n<p data-start=\"510\" data-end=\"937\">Like a sliver of dew captured in glass, this <strong data-start=\"558\" data-end=\"593\">pink Murano glass clock<\/strong> spreads a tender, soothing energy.<br data-start=\"634\" data-end=\"637\" \/>Sa <strong data-start=\"640\" data-end=\"665\">luminous pink shade<\/strong>a universal symbol of love and benevolence, joins forces with the <strong data-start=\"726\" data-end=\"761\">transparency of Murano glass<\/strong>hand-crafted using time-honoured techniques.<br data-start=\"816\" data-end=\"819\" \/>A <strong data-start=\"822\" data-end=\"857\">reactive glass with metallic effect<\/strong> reveals changing reflections, like an aura of light around the drop.<\/p>\n<p data-start=\"510\" data-end=\"937\">Mounted on a stainless steel chain, it comes with a small Murano pearl.<br \/>\nLength = 31 cm<\/p>\n<h3 data-start=\"510\" data-end=\"937\">Benefits of the pendulum :<\/h3>\n<p data-start=\"939\" data-end=\"1243\">The colour <strong data-start=\"1287\" data-end=\"1295\">rose<\/strong> is a reflection of <strong data-start=\"1313\" data-end=\"1331\">heart chakra<\/strong>a symbol of love, reconciliation and tenderness.<br data-start=\"1384\" data-end=\"1387\" \/>It encourages <strong data-start=\"1404\" data-end=\"1429\">emotional healing<\/strong>the <strong data-start=\"1434\" data-end=\"1453\">inner peace<\/strong> and the<strong data-start=\"1459\" data-end=\"1488\">openness to compassion<\/strong>.<br data-start=\"1489\" data-end=\"1492\" \/>It's a welcoming, gentle energy that soothes tension and helps you rediscover the simple joy of being.<\/p>\n<p data-start=\"939\" data-end=\"1243\">Le <strong data-start=\"1751\" data-end=\"1770\">Murano glass<\/strong>The Venetian tradition is renowned for its <strong data-start=\"1825\" data-end=\"1884\">its purity, brilliance and ability to capture light<\/strong>.<br data-start=\"1885\" data-end=\"1888\" \/>Used in spiritual creations, it acts as a <strong data-start=\"1946\" data-end=\"1975\">light energy channel<\/strong>amplifying the vibrations of the intentions they contain.<br data-start=\"2036\" data-end=\"2039\" \/>The <strong data-start=\"2043\" data-end=\"2064\">metallic effects<\/strong> of reactive glass reflect light from different angles, symbolising transformation and the beauty of change.<\/p>\n<p data-start=\"939\" data-end=\"1243\">This clock comes with a small Murano glass bead and is mounted on a stainless steel chain.<\/p>\n<p data-start=\"939\" data-end=\"1243\">It is suitable for a number of uses:<\/p>\n<ul>\n<li data-start=\"2339\" data-end=\"2380\">\n<p data-start=\"2341\" data-end=\"2380\">Radiesthesia and energy research<\/p>\n<\/li>\n<li data-start=\"2381\" data-end=\"2424\">\n<p data-start=\"2383\" data-end=\"2424\">Meditation and chakra harmonisation<\/p>\n<\/li>\n<li data-start=\"2425\" data-end=\"2464\">\n<p data-start=\"2427\" data-end=\"2464\">Emotional reconnection work<\/p>\n<\/li>\n<li data-start=\"2465\" data-end=\"2508\">\n<p data-start=\"2467\" data-end=\"2508\">Decorative element or personal talisman<\/p>\n<\/li>\n<\/ul>\n<h4 data-start=\"1098\" data-end=\"1313\"><strong data-start=\"1100\" data-end=\"1126\">An exceptional clock<\/strong>as aesthetically pleasing as it is energy-efficient\u00a0<strong data-start=\"1172\" data-end=\"1204\">all levels of practice<\/strong>\u00a0- from beginner to enthusiast.<br data-start=\"1232\" data-end=\"1235\" \/>Delivered in an elegant box, ready to become your spiritual ally.<\/h4>","protected":false},"excerpt":{"rendered":"<p>Pink Murano glass clock, metallic effects<\/p>","protected":false},"featured_media":1010,"comment_status":"closed","ping_status":"closed","template":"","meta":{"_seopress_robots_primary_cat":"none","_seopress_titles_title":"Pendule rose en verre de Murano \u2013 Douceur & \u00e9nergie du c\u0153ur","_seopress_titles_desc":"Pendule artisanal rose en verre de Murano \u00e0 effet m\u00e9tallis\u00e9. Symbole d\u2019amour, de paix et de lumi\u00e8re. Cr\u00e9\u00e9 avec \u00e9nergie positive et intention.","_seopress_robots_index":""},"product_cat":[65],"product_tag":[],"class_list":{"0":"post-1026","1":"product","2":"type-product","3":"status-publish","4":"has-post-thumbnail","6":"product_cat-pendules","8":"first","9":"instock","10":"shipping-taxable","11":"purchasable","12":"product-type-simple"},"_links":{"self":[{"href":"https:\/\/les3univerre.fr\/en\/wp-json\/wp\/v2\/product\/1026","targetHints":{"allow":["GET"]}}],"collection":[{"href":"https:\/\/les3univerre.fr\/en\/wp-json\/wp\/v2\/product"}],"about":[{"href":"https:\/\/les3univerre.fr\/en\/wp-json\/wp\/v2\/types\/product"}],"replies":[{"embeddable":true,"href":"https:\/\/les3univerre.fr\/en\/wp-json\/wp\/v2\/comments?post=1026"}],"wp:featuredmedia":[{"embeddable":true,"href":"https:\/\/les3univerre.fr\/en\/wp-json\/wp\/v2\/media\/1010"}],"wp:attachment":[{"href":"https:\/\/les3univerre.fr\/en\/wp-json\/wp\/v2\/media?parent=1026"}],"wp:term":[{"taxonomy":"product_cat","embeddable":true,"href":"https:\/\/les3univerre.fr\/en\/wp-json\/wp\/v2\/product_cat?post=1026"},{"taxonomy":"product_tag","embeddable":true,"href":"https:\/\/les3univerre.fr\/en\/wp-json\/wp\/v2\/product_tag?post=1026"}],"curies":[{"name":"wp","href":"https:\/\/api.w.org\/{rel}","templated":true}]}}