{"id":1029,"date":"2025-10-21T16:06:27","date_gmt":"2025-10-21T14:06:27","guid":{"rendered":"https:\/\/les3univerre.fr\/?post_type=product&#038;p=1029"},"modified":"2026-01-23T11:06:44","modified_gmt":"2026-01-23T10:06:44","slug":"pendule-vert-transparent-en-verre-de-murano-et-aventurine","status":"publish","type":"product","link":"https:\/\/les3univerre.fr\/en\/product\/pendule-vert-transparent-en-verre-de-murano-et-aventurine\/","title":{"rendered":"Green transparent clock in Murano glass and aventurina"},"content":{"rendered":"<h1>Green clock with aventurine inclusion, iridescent effect decoration<\/h1>\n<h3 data-start=\"490\" data-end=\"530\">Let yourself be captivated by this colourful clock.<\/h3>\n<p>Sa\u00a0<strong data-start=\"680\" data-end=\"699\">drop shape<\/strong>\u00a0promotes fluid and precise movement, ideal for\u00a0<strong data-start=\"754\" data-end=\"770\">radiesthesia<\/strong>care or\u00a0<strong data-start=\"796\" data-end=\"822\">energy meditation<\/strong>.<\/p>\n<p data-start=\"827\" data-end=\"1096\">L'<strong data-start=\"829\" data-end=\"843\">aventurine<\/strong>\u00a0brings good luck, serenity and an open heart, while the\u00a0<strong data-start=\"905\" data-end=\"924\">Murano glass<\/strong>a symbol of purity and transformation, boosts mental clarity.<br data-start=\"993\" data-end=\"996\" \/>The platinum brass balances the whole, ensuring\u00a0<strong data-start=\"1045\" data-end=\"1093\">stability, harmony and vibratory protection<\/strong>.<\/p>\n<p data-start=\"827\" data-end=\"1096\">It is mounted on a stainless steel chain and comes with a small green Murano glass bead.<\/p>\n<p data-start=\"827\" data-end=\"1096\">Length = 30 cm<\/p>\n<h3 data-start=\"490\" data-end=\"530\">Symbolism and benefits of green :<\/h3>\n<ul data-start=\"531\" data-end=\"1144\">\n<li data-start=\"531\" data-end=\"646\">\n<p data-start=\"533\" data-end=\"646\"><strong data-start=\"533\" data-end=\"557\">Emotional balance<\/strong> Calms tension and helps to restore serenity after stressful situations.<\/p>\n<\/li>\n<li data-start=\"647\" data-end=\"771\">\n<p data-start=\"649\" data-end=\"771\"><strong data-start=\"649\" data-end=\"677\">Healing and regeneration<\/strong> promotes physical and mental well-being, symbolises <strong data-start=\"735\" data-end=\"753\">renewal<\/strong> and vitality.<\/p>\n<\/li>\n<li data-start=\"772\" data-end=\"890\">\n<p data-start=\"774\" data-end=\"890\"><strong data-start=\"774\" data-end=\"804\">Love and an open heart<\/strong> Stimulates compassion, empathy and the ability to give and receive love.<\/p>\n<\/li>\n<li data-start=\"891\" data-end=\"1019\">\n<p data-start=\"893\" data-end=\"1019\"><strong data-start=\"893\" data-end=\"920\">Abundance and prosperity<\/strong> The fruit of the earth: associated with fertile nature and growth, it attracts good luck and harmony in life.<\/p>\n<\/li>\n<li data-start=\"1020\" data-end=\"1144\">\n<p data-start=\"1022\" data-end=\"1144\"><strong data-start=\"1022\" data-end=\"1051\">Creativity and inspiration<\/strong> The \"I\": encourages clear thinking and new ideas, while keeping the mind balanced.<\/p>\n<\/li>\n<\/ul>","protected":false},"excerpt":{"rendered":"<p>Green clock with aventurine inclusion and iridescent metallic effect<\/p>","protected":false},"featured_media":1017,"comment_status":"closed","ping_status":"closed","template":"","meta":{"_seopress_robots_primary_cat":"none","_seopress_titles_title":"Pendule vert, aventurine & verre de Murano","_seopress_titles_desc":"Pendule artisanal en verre de Murano vert transparent avec inclusion d'aventurine et effet iris\u00e9. \u00c9nergie du c\u0153ur, clart\u00e9 et harmonie pour radiesth\u00e9sie, divination et m\u00e9ditation.","_seopress_robots_index":""},"product_cat":[65],"product_tag":[],"class_list":{"0":"post-1029","1":"product","2":"type-product","3":"status-publish","4":"has-post-thumbnail","6":"product_cat-pendules","8":"first","9":"instock","10":"shipping-taxable","11":"purchasable","12":"product-type-simple"},"_links":{"self":[{"href":"https:\/\/les3univerre.fr\/en\/wp-json\/wp\/v2\/product\/1029","targetHints":{"allow":["GET"]}}],"collection":[{"href":"https:\/\/les3univerre.fr\/en\/wp-json\/wp\/v2\/product"}],"about":[{"href":"https:\/\/les3univerre.fr\/en\/wp-json\/wp\/v2\/types\/product"}],"replies":[{"embeddable":true,"href":"https:\/\/les3univerre.fr\/en\/wp-json\/wp\/v2\/comments?post=1029"}],"wp:featuredmedia":[{"embeddable":true,"href":"https:\/\/les3univerre.fr\/en\/wp-json\/wp\/v2\/media\/1017"}],"wp:attachment":[{"href":"https:\/\/les3univerre.fr\/en\/wp-json\/wp\/v2\/media?parent=1029"}],"wp:term":[{"taxonomy":"product_cat","embeddable":true,"href":"https:\/\/les3univerre.fr\/en\/wp-json\/wp\/v2\/product_cat?post=1029"},{"taxonomy":"product_tag","embeddable":true,"href":"https:\/\/les3univerre.fr\/en\/wp-json\/wp\/v2\/product_tag?post=1029"}],"curies":[{"name":"wp","href":"https:\/\/api.w.org\/{rel}","templated":true}]}}