{"id":1068,"date":"2025-10-22T16:53:24","date_gmt":"2025-10-22T14:53:24","guid":{"rendered":"https:\/\/les3univerre.fr\/?post_type=product&#038;p=1068"},"modified":"2025-10-25T20:32:32","modified_gmt":"2025-10-25T18:32:32","slug":"collier-avec-une-perle-de-murano-soufflee-couleur-vert-emeraude","status":"publish","type":"product","link":"https:\/\/les3univerre.fr\/en\/product\/collier-avec-une-perle-de-murano-soufflee-couleur-vert-emeraude\/","title":{"rendered":"Necklace with an emerald green Murano blown pearl"},"content":{"rendered":"<h1>Necklace with Murano glass bead<\/h1>\n<p>This necklace is made from a pearl blown in my workshop in Allogny.<br \/>\nEmerald green in colour, I decorated it with a discreet pattern of lapis blue dots and aventurine inclusions.<\/p>\n<p>Once annealed, the glass bead was set between 4 facetted, striated 925 silver beads on either side, then mounted on a 925 silver chain.<\/p>\n<p>The pearl is 2.6 cm wide and 2.2 cm high.<\/p>\n<p>Length = 50 cm with a 3 cm extension<\/p>\n<p>Weight = 13.66 g<\/p>\n<p>&nbsp;<\/p>","protected":false},"excerpt":{"rendered":"<p>Necklace with a Murano blown pearl, emerald green colour with aventurine inclusion and lapis motifs<\/p>","protected":false},"featured_media":1062,"comment_status":"closed","ping_status":"closed","template":"","meta":{"_seopress_robots_primary_cat":"none","_seopress_titles_title":"Collier avec perle de verre de Murano souffl\u00e9e, couleur vert \u00e9meraude","_seopress_titles_desc":"Collier avec perle de verre de Murano souffl\u00e9e, de couleur vert \u00e9meraude,  avec inclusion d'aventurine et motifs lapis, mont\u00e9 sur une cha\u00eene en mailles for\u00e7at en argent 925.","_seopress_robots_index":""},"product_cat":[17,47],"product_tag":[],"class_list":{"0":"post-1068","1":"product","2":"type-product","3":"status-publish","4":"has-post-thumbnail","6":"product_cat-colliers","7":"product_cat-elegance","9":"first","10":"instock","11":"shipping-taxable","12":"purchasable","13":"product-type-simple"},"_links":{"self":[{"href":"https:\/\/les3univerre.fr\/en\/wp-json\/wp\/v2\/product\/1068","targetHints":{"allow":["GET"]}}],"collection":[{"href":"https:\/\/les3univerre.fr\/en\/wp-json\/wp\/v2\/product"}],"about":[{"href":"https:\/\/les3univerre.fr\/en\/wp-json\/wp\/v2\/types\/product"}],"replies":[{"embeddable":true,"href":"https:\/\/les3univerre.fr\/en\/wp-json\/wp\/v2\/comments?post=1068"}],"wp:featuredmedia":[{"embeddable":true,"href":"https:\/\/les3univerre.fr\/en\/wp-json\/wp\/v2\/media\/1062"}],"wp:attachment":[{"href":"https:\/\/les3univerre.fr\/en\/wp-json\/wp\/v2\/media?parent=1068"}],"wp:term":[{"taxonomy":"product_cat","embeddable":true,"href":"https:\/\/les3univerre.fr\/en\/wp-json\/wp\/v2\/product_cat?post=1068"},{"taxonomy":"product_tag","embeddable":true,"href":"https:\/\/les3univerre.fr\/en\/wp-json\/wp\/v2\/product_tag?post=1068"}],"curies":[{"name":"wp","href":"https:\/\/api.w.org\/{rel}","templated":true}]}}