{"id":1074,"date":"2025-10-22T17:26:54","date_gmt":"2025-10-22T15:26:54","guid":{"rendered":"https:\/\/les3univerre.fr\/?post_type=product&#038;p=1074"},"modified":"2025-10-22T17:26:54","modified_gmt":"2025-10-22T15:26:54","slug":"collier-pistache-dinspiration-pollock","status":"publish","type":"product","link":"https:\/\/les3univerre.fr\/en\/product\/collier-pistache-dinspiration-pollock\/","title":{"rendered":"Pollock-inspired pistachio necklace"},"content":{"rendered":"<h1>Murano glass pistachio bead necklace<\/h1>\n<p>Inspired by Jackson Pollock's dripping technique, this pearl was shaped by me in my blowtorch in Allogny.<br \/>\nIt measures 2.5 cm<br \/>\nIt was then annealed and mounted between 2 steel spacer beads on a stainless steel chain.<\/p>\n<p>Length: 50 cm + 4 cm with bead<\/p>\n<p>Necklace weight = 10.23 g<\/p>\n<p>&nbsp;<\/p>\n<p>Trendy and bold,<strong> this necklace will match most colours<\/strong>\u00a0Off-white, beige, ivory, light grey or taupe, navy blue, black (in small touches), sage green, almond green, light olive green, pale yellow, soft mustard, powder pink, light coral or terracotta, sky blue or light denim.<\/p>\n<h4><strong>As for outfits, here are a few suggestions:\u00a0<\/strong><\/h4>\n<p data-start=\"1581\" data-end=\"1601\"><strong data-start=\"1586\" data-end=\"1601\">Casual chic<\/strong><\/p>\n<ul data-start=\"1602\" data-end=\"1743\">\n<li data-start=\"1602\" data-end=\"1687\">\n<p data-start=\"1604\" data-end=\"1687\">Light blue jeans + off-white blouse for a fresh, bright look<\/p>\n<\/li>\n<li data-start=\"1688\" data-end=\"1743\">\n<p data-start=\"1690\" data-end=\"1743\">Beige trousers + almond green top + neutral sandals<\/p>\n<\/li>\n<\/ul>\n<p data-start=\"1745\" data-end=\"1761\"><strong data-start=\"1750\" data-end=\"1761\">Elegant<\/strong><\/p>\n<ul data-start=\"1762\" data-end=\"1893\">\n<li data-start=\"1762\" data-end=\"1830\">\n<p data-start=\"1764\" data-end=\"1830\">Navy blue or sage green dress for a chic contrast<\/p>\n<\/li>\n<li data-start=\"1831\" data-end=\"1893\">\n<p data-start=\"1833\" data-end=\"1893\">Cream outfit + light coral jacket<\/p>\n<\/li>\n<\/ul>\n<p data-start=\"1895\" data-end=\"1923\"><strong data-start=\"1900\" data-end=\"1923\">Bold \/ creative<\/strong><\/p>\n<ul data-start=\"1924\" data-end=\"2066\">\n<li data-start=\"1924\" data-end=\"1979\">\n<p data-start=\"1926\" data-end=\"1979\">Brick red top + pale green skirt<\/p>\n<\/li>\n<li data-start=\"1980\" data-end=\"2066\">\n<p data-start=\"1982\" data-end=\"2066\">Electric blue blazer + white top for a touch of originality<\/p>\n<\/li>\n<\/ul>","protected":false},"excerpt":{"rendered":"<p>Pollock-inspired earrings<\/p>","protected":false},"featured_media":1061,"comment_status":"closed","ping_status":"closed","template":"","meta":{"_seopress_robots_primary_cat":"","_seopress_titles_title":"Collier avec perle en verre de Murano pistache d'inspiration Pollock","_seopress_titles_desc":"Inspir\u00e9e par le geste de Jackson Pollock, le dripping, cette perle a \u00e9t\u00e9 fa\u00e7onn\u00e9e de fa\u00e7on artisanale avec des motifs rouge et bleu.","_seopress_robots_index":""},"product_cat":[48,17],"product_tag":[],"class_list":{"0":"post-1074","1":"product","2":"type-product","3":"status-publish","4":"has-post-thumbnail","6":"product_cat-artistique","7":"product_cat-colliers","9":"first","10":"instock","11":"shipping-taxable","12":"purchasable","13":"product-type-simple"},"_links":{"self":[{"href":"https:\/\/les3univerre.fr\/en\/wp-json\/wp\/v2\/product\/1074","targetHints":{"allow":["GET"]}}],"collection":[{"href":"https:\/\/les3univerre.fr\/en\/wp-json\/wp\/v2\/product"}],"about":[{"href":"https:\/\/les3univerre.fr\/en\/wp-json\/wp\/v2\/types\/product"}],"replies":[{"embeddable":true,"href":"https:\/\/les3univerre.fr\/en\/wp-json\/wp\/v2\/comments?post=1074"}],"wp:featuredmedia":[{"embeddable":true,"href":"https:\/\/les3univerre.fr\/en\/wp-json\/wp\/v2\/media\/1061"}],"wp:attachment":[{"href":"https:\/\/les3univerre.fr\/en\/wp-json\/wp\/v2\/media?parent=1074"}],"wp:term":[{"taxonomy":"product_cat","embeddable":true,"href":"https:\/\/les3univerre.fr\/en\/wp-json\/wp\/v2\/product_cat?post=1074"},{"taxonomy":"product_tag","embeddable":true,"href":"https:\/\/les3univerre.fr\/en\/wp-json\/wp\/v2\/product_tag?post=1074"}],"curies":[{"name":"wp","href":"https:\/\/api.w.org\/{rel}","templated":true}]}}