{"id":1077,"date":"2025-10-25T11:25:12","date_gmt":"2025-10-25T09:25:12","guid":{"rendered":"https:\/\/les3univerre.fr\/?post_type=product&#038;p=1077"},"modified":"2025-10-25T20:30:19","modified_gmt":"2025-10-25T18:30:19","slug":"collier-sautoir-medaillon-blanc-nuances-de-bleu-vert-clair-decore-a-lor-fin-en-verre-de-murano","status":"publish","type":"product","link":"https:\/\/les3univerre.fr\/en\/product\/collier-sautoir-medaillon-blanc-nuances-de-bleu-vert-clair-decore-a-lor-fin-en-verre-de-murano\/","title":{"rendered":"White medallion necklace in shades of light blue-green, decorated with fine gold Murano glass"},"content":{"rendered":"<h1>Long necklace, white Murano glass bead, light blue-green Murano glass motifs, fine gold decoration<\/h1>\n<p>Take a trip to the land of a thousand and one nights with this golden necklace!<\/p>\n<p>With its two sides featuring different designs, this reversible necklace lets you opt for a bold or more discreet touch of gold.<\/p>\n<p>The annealed Murano glass pendant features an inclusion of 24-carat gold leaf with blue-green decoration. The pearl is then decorated with fine gold by hand.<\/p>\n<p>It is mounted on a stainless steel twisted coffee bean chain.<br \/>\nWeight = 24.52 g<\/p>\n<p>Total length = 67 cm<\/p>\n<p>Chain length = 60 cm<\/p>\n<p>Medallion size = 3.3 cm<\/p>\n<p>It can be combined with :<br \/>\n- to a bohemian chic, elegant minimalist or riviera outfit<br \/>\n- with linen, silk, muslin or washed cotton<br \/>\n- in shades of cream, light grey, glacier blue, terra cotta, navy blue, powder pink and champagne.<\/p>\n<p>&nbsp;<\/p>","protected":false},"excerpt":{"rendered":"<p>60 cm long long necklace, white medallion in Murano glass, decorated in light blue-green glass with 24-carat gold leaf and painted with fine gold.<\/p>","protected":false},"featured_media":1081,"comment_status":"closed","ping_status":"closed","template":"","meta":{"_seopress_robots_primary_cat":"none","_seopress_titles_title":"Collier m\u00e9daillon blanc en verre de Murano, nuances bleu vert clair et or","_seopress_titles_desc":"M\u00e9daillon r\u00e9versible en verre de Murano blanc, avec des nuances bleu vert clair, et inclusion de feuille d'or 24 carats et d\u00e9cor\u00e9 \u00e0 la main avec de l'or fin","_seopress_robots_index":""},"product_cat":[48,17,47],"product_tag":[],"class_list":{"0":"post-1077","1":"product","2":"type-product","3":"status-publish","4":"has-post-thumbnail","6":"product_cat-artistique","7":"product_cat-colliers","8":"product_cat-elegance","10":"first","11":"instock","12":"shipping-taxable","13":"purchasable","14":"product-type-simple"},"_links":{"self":[{"href":"https:\/\/les3univerre.fr\/en\/wp-json\/wp\/v2\/product\/1077","targetHints":{"allow":["GET"]}}],"collection":[{"href":"https:\/\/les3univerre.fr\/en\/wp-json\/wp\/v2\/product"}],"about":[{"href":"https:\/\/les3univerre.fr\/en\/wp-json\/wp\/v2\/types\/product"}],"replies":[{"embeddable":true,"href":"https:\/\/les3univerre.fr\/en\/wp-json\/wp\/v2\/comments?post=1077"}],"wp:featuredmedia":[{"embeddable":true,"href":"https:\/\/les3univerre.fr\/en\/wp-json\/wp\/v2\/media\/1081"}],"wp:attachment":[{"href":"https:\/\/les3univerre.fr\/en\/wp-json\/wp\/v2\/media?parent=1077"}],"wp:term":[{"taxonomy":"product_cat","embeddable":true,"href":"https:\/\/les3univerre.fr\/en\/wp-json\/wp\/v2\/product_cat?post=1077"},{"taxonomy":"product_tag","embeddable":true,"href":"https:\/\/les3univerre.fr\/en\/wp-json\/wp\/v2\/product_tag?post=1077"}],"curies":[{"name":"wp","href":"https:\/\/api.w.org\/{rel}","templated":true}]}}