{"id":1102,"date":"2025-10-25T13:00:11","date_gmt":"2025-10-25T11:00:11","guid":{"rendered":"https:\/\/les3univerre.fr\/?post_type=product&#038;p=1102"},"modified":"2025-10-25T20:38:49","modified_gmt":"2025-10-25T18:38:49","slug":"boule-a-the-perle-en-verre-de-murano-blanche","status":"publish","type":"product","link":"https:\/\/les3univerre.fr\/en\/product\/boule-a-the-perle-en-verre-de-murano-blanche\/","title":{"rendered":"Tea ball, white Murano glass bead"},"content":{"rendered":"<h1>Tea ball, white Murano glass bead<\/h1>\n<p>This elegant white pearl is flame-shaped, decorated with blue and brown dots and then annealed.<\/p>\n<p>The length of the chain and the weight of the pearl allow the ball to be balanced without the risk of falling inside.<\/p>\n<p>The practical sieve has a locking system that prevents tea leaves from escaping.<\/p>\n<p>&nbsp;<\/p>\n<p>Tested against a cast-iron teapot for 3 minutes.<br \/>\nHowever, the ball should NOT be placed in hot water, and should not be pressed against the metal for more than 3 minutes.<\/p>\n<p>&nbsp;<\/p>","protected":false},"excerpt":{"rendered":"<p>Tea ball with Murano glass bead<\/p>","protected":false},"featured_media":1105,"comment_status":"closed","ping_status":"closed","template":"","meta":{"_seopress_robots_primary_cat":"none","_seopress_titles_title":"Boule \u00e0 th\u00e9, perle de verre de Murano blanche, d\u00e9cor bleu marron","_seopress_titles_desc":"Boule \u00e0 th\u00e9 \u00e9l\u00e9gante, perle blanche en verre de Murano, fa\u00e7onn\u00e9e dans mon chalumeau avec d\u00e9cors \u00e0 la flamme bleu et marron. Syst\u00e8me de verrouillage.","_seopress_robots_index":""},"product_cat":[28],"product_tag":[],"class_list":{"0":"post-1102","1":"product","2":"type-product","3":"status-publish","4":"has-post-thumbnail","6":"product_cat-art-de-la-table","8":"first","9":"instock","10":"shipping-taxable","11":"purchasable","12":"product-type-simple"},"_links":{"self":[{"href":"https:\/\/les3univerre.fr\/en\/wp-json\/wp\/v2\/product\/1102","targetHints":{"allow":["GET"]}}],"collection":[{"href":"https:\/\/les3univerre.fr\/en\/wp-json\/wp\/v2\/product"}],"about":[{"href":"https:\/\/les3univerre.fr\/en\/wp-json\/wp\/v2\/types\/product"}],"replies":[{"embeddable":true,"href":"https:\/\/les3univerre.fr\/en\/wp-json\/wp\/v2\/comments?post=1102"}],"wp:featuredmedia":[{"embeddable":true,"href":"https:\/\/les3univerre.fr\/en\/wp-json\/wp\/v2\/media\/1105"}],"wp:attachment":[{"href":"https:\/\/les3univerre.fr\/en\/wp-json\/wp\/v2\/media?parent=1102"}],"wp:term":[{"taxonomy":"product_cat","embeddable":true,"href":"https:\/\/les3univerre.fr\/en\/wp-json\/wp\/v2\/product_cat?post=1102"},{"taxonomy":"product_tag","embeddable":true,"href":"https:\/\/les3univerre.fr\/en\/wp-json\/wp\/v2\/product_tag?post=1102"}],"curies":[{"name":"wp","href":"https:\/\/api.w.org\/{rel}","templated":true}]}}