{"id":1129,"date":"2025-10-25T13:14:28","date_gmt":"2025-10-25T11:14:28","guid":{"rendered":"https:\/\/les3univerre.fr\/?post_type=product&#038;p=1129"},"modified":"2025-10-25T20:40:29","modified_gmt":"2025-10-25T18:40:29","slug":"boule-a-the-morocco-en-verre-de-murano","status":"publish","type":"product","link":"https:\/\/les3univerre.fr\/en\/product\/boule-a-the-morocco-en-verre-de-murano\/","title":{"rendered":"Morocco tea ball in Murano glass"},"content":{"rendered":"<h1>Moroccan-inspired tea ball<\/h1>\n<p>This elegant white pearl is flame-shaped and decorated with blue thread motifs.<\/p>\n<p>The length of the chain and the weight of the pearl allow the ball to be balanced without the risk of falling inside.<\/p>\n<p>The practical sieve has a locking system that prevents tea leaves from escaping.<\/p>\n<p>&nbsp;<\/p>\n<p>Tested against a cast-iron teapot for 3 minutes.<br \/>\nHowever, the ball should NOT be placed in hot water, and should not be pressed against the metal for more than 3 minutes.<\/p>","protected":false},"excerpt":{"rendered":"<p>Tea ball, white pearl with blue threads<\/p>","protected":false},"featured_media":1112,"comment_status":"closed","ping_status":"closed","template":"","meta":{"_seopress_robots_primary_cat":"none","_seopress_titles_title":"Boule \u00e0 th\u00e9 Morocco, perle de verre de Murano blanche d\u00e9cor bleu","_seopress_titles_desc":"Boule \u00e0 th\u00e9 avec une perle de verre de Murano blanche d\u00e9cor\u00e9e de fils de verre bleus. Inspiration marocaine. Syst\u00e8me de verrouillage.","_seopress_robots_index":""},"product_cat":[28],"product_tag":[],"class_list":{"0":"post-1129","1":"product","2":"type-product","3":"status-publish","4":"has-post-thumbnail","6":"product_cat-art-de-la-table","8":"first","9":"instock","10":"shipping-taxable","11":"purchasable","12":"product-type-simple"},"_links":{"self":[{"href":"https:\/\/les3univerre.fr\/en\/wp-json\/wp\/v2\/product\/1129","targetHints":{"allow":["GET"]}}],"collection":[{"href":"https:\/\/les3univerre.fr\/en\/wp-json\/wp\/v2\/product"}],"about":[{"href":"https:\/\/les3univerre.fr\/en\/wp-json\/wp\/v2\/types\/product"}],"replies":[{"embeddable":true,"href":"https:\/\/les3univerre.fr\/en\/wp-json\/wp\/v2\/comments?post=1129"}],"wp:featuredmedia":[{"embeddable":true,"href":"https:\/\/les3univerre.fr\/en\/wp-json\/wp\/v2\/media\/1112"}],"wp:attachment":[{"href":"https:\/\/les3univerre.fr\/en\/wp-json\/wp\/v2\/media?parent=1129"}],"wp:term":[{"taxonomy":"product_cat","embeddable":true,"href":"https:\/\/les3univerre.fr\/en\/wp-json\/wp\/v2\/product_cat?post=1129"},{"taxonomy":"product_tag","embeddable":true,"href":"https:\/\/les3univerre.fr\/en\/wp-json\/wp\/v2\/product_tag?post=1129"}],"curies":[{"name":"wp","href":"https:\/\/api.w.org\/{rel}","templated":true}]}}