{"id":1135,"date":"2025-10-25T19:47:18","date_gmt":"2025-10-25T17:47:18","guid":{"rendered":"https:\/\/les3univerre.fr\/?post_type=product&#038;p=1135"},"modified":"2025-10-25T21:14:25","modified_gmt":"2025-10-25T19:14:25","slug":"boucles-doreilles-poisson-emaillees-en-verre-de-murano","status":"publish","type":"product","link":"https:\/\/les3univerre.fr\/en\/product\/boucles-doreilles-poisson-emaillees-en-verre-de-murano\/","title":{"rendered":"Enamelled Murano glass fish earrings"},"content":{"rendered":"<h1>Murano glass fish earrings<\/h1>\n<p>These buckles are shaped and sculpted in my blowtorch, before being hot-glazed and annealed in the kiln.<\/p>\n<p>Unique, asymmetrical pieces, they're sure to surprise, because each fish has its own originality!<\/p>\n<p>This design will express your personality: cheerful, lively and a touch whimsical!<\/p>\n<p>Weight: 4.23g and 4.80 g<\/p>\n<h3>What styles should I wear?<\/h3>\n<ul>\n<li>Colourful bohemian chic with a flowing beige or white maxi dress, belted with a camel bag and gold sandals.<\/li>\n<li>Contemporary elegance with a navy or duck blue blouse and cream trousers, camel pumps or gold sandals<\/li>\n<li>Casual chic with light jeans, a white top, an olive green jacket and gold accessories<\/li>\n<\/ul>\n<h3>Advice on colours to match :<\/h3>\n<p>- Off-white, cream, light beige, sand for a luminous, very elegant background.<\/p>\n<p>- Pearl grey or warm grey for a soft, modern contrast.<\/p>\n<p>- The graphic black makes the jewellery stand out (but be careful not to weigh the look down).<\/p>\n<p>- Terracotta, camel, golden brown and soft coral recall the warmth of orange.<\/p>\n<p>- Light olive green or soft khaki for a very chic, natural, harmonious look (green calms orange).<\/p>\n<p>- Navy blue, duck blue, turquoise for a perfect balance of freshness and vitality.<\/p>\n<p>&nbsp;<\/p>","protected":false},"excerpt":{"rendered":"<p>Enamelled Murano glass orange earrings<\/p>","protected":false},"featured_media":1125,"comment_status":"closed","ping_status":"closed","template":"","meta":{"_seopress_robots_primary_cat":"none","_seopress_titles_title":"Boucles d'oreilles poissons en verre de Murano","_seopress_titles_desc":"Boucles d'oreilles poissons orange fa\u00e7onn\u00e9es \u00e0 la flamme, sculpt\u00e9es, \u00e9maill\u00e9es, mont\u00e9es sur argent 925 plaqu\u00e9 or","_seopress_robots_index":""},"product_cat":[48,16],"product_tag":[],"class_list":{"0":"post-1135","1":"product","2":"type-product","3":"status-publish","4":"has-post-thumbnail","6":"product_cat-artistique","7":"product_cat-boucles-doreilles","9":"first","10":"instock","11":"shipping-taxable","12":"purchasable","13":"product-type-simple"},"_links":{"self":[{"href":"https:\/\/les3univerre.fr\/en\/wp-json\/wp\/v2\/product\/1135","targetHints":{"allow":["GET"]}}],"collection":[{"href":"https:\/\/les3univerre.fr\/en\/wp-json\/wp\/v2\/product"}],"about":[{"href":"https:\/\/les3univerre.fr\/en\/wp-json\/wp\/v2\/types\/product"}],"replies":[{"embeddable":true,"href":"https:\/\/les3univerre.fr\/en\/wp-json\/wp\/v2\/comments?post=1135"}],"wp:featuredmedia":[{"embeddable":true,"href":"https:\/\/les3univerre.fr\/en\/wp-json\/wp\/v2\/media\/1125"}],"wp:attachment":[{"href":"https:\/\/les3univerre.fr\/en\/wp-json\/wp\/v2\/media?parent=1135"}],"wp:term":[{"taxonomy":"product_cat","embeddable":true,"href":"https:\/\/les3univerre.fr\/en\/wp-json\/wp\/v2\/product_cat?post=1135"},{"taxonomy":"product_tag","embeddable":true,"href":"https:\/\/les3univerre.fr\/en\/wp-json\/wp\/v2\/product_tag?post=1135"}],"curies":[{"name":"wp","href":"https:\/\/api.w.org\/{rel}","templated":true}]}}