{"id":1138,"date":"2025-10-25T20:25:11","date_gmt":"2025-10-25T18:25:11","guid":{"rendered":"https:\/\/les3univerre.fr\/?post_type=product&#038;p=1138"},"modified":"2025-11-18T20:06:50","modified_gmt":"2025-11-18T19:06:50","slug":"boucles-doreilles-collection-bulles-degrade-de-vert-bleu-blanc","status":"publish","type":"product","link":"https:\/\/les3univerre.fr\/en\/product\/boucles-doreilles-collection-bulles-degrade-de-vert-bleu-blanc\/","title":{"rendered":"Bubbles collection earrings, shades of green, blue and white"},"content":{"rendered":"<p><strong>Bubbles collection earrings, shades of green, blue and white in Murano glass<\/strong><\/p>\n<p>Flame-cut in my workshop, these earrings are set between two 925 silver pearls on 925 silver hooks.<\/p>\n<p>The decoration is delicately hot-applied with a gradation of green, blue and white colours before the pearl is annealed in the oven.<\/p>\n<p>Weight: 2.53 g per pair<\/p>\n<h4>Tips for combining these curls:<\/h4>\n<p>You can adopt a style of dress that would be bohemian chic, modern elegance or casual chic.<\/p>\n<p data-start=\"895\" data-end=\"985\">- Pure white, off-white and ivory highlight the transparency of the pearls.<\/p>\n<p data-start=\"895\" data-end=\"985\">- Pearl grey, light silver and blue-grey create an elegant harmony with the silver.<\/p>\n<p data-start=\"895\" data-end=\"985\">- Sand beige or light linen add a soft warmth, without breaking the freshness of the jewel.<\/p>\n<p data-start=\"895\" data-end=\"985\">- Sky blue, turquoise, ice mint or light duck blue reinforce the coherence and softness of the jewel.<\/p>\n<p data-start=\"895\" data-end=\"985\">- A deep, elegant navy blue contrast that highlights the light shades of the pearls.<\/p>\n<h5 data-start=\"1466\" data-end=\"1507\">Soft complementary touches: Powder pink, light lilac, soft coral<\/h5>","protected":false},"excerpt":{"rendered":"<p>Earrings in shades of blue, green and white<\/p>","protected":false},"featured_media":1122,"comment_status":"closed","ping_status":"closed","template":"","meta":{"_seopress_robots_primary_cat":"none","_seopress_titles_title":"Boucles d'oreilles \u00e9l\u00e9gantes, d\u00e9grad\u00e9 de bleu, vert, en verre de Murano","_seopress_titles_desc":"Collection Bulles. Ces boucles sont fa\u00e7onn\u00e9es \u00e0 la flamme et le d\u00e9cor en verre de Murano, d\u00e9grad\u00e9 de bleu, vert, blanc, est appos\u00e9 \u00e0 chaud. Perles recuites et mont\u00e9es sur argent 925.","_seopress_robots_index":""},"product_cat":[48,16,47],"product_tag":[],"class_list":{"0":"post-1138","1":"product","2":"type-product","3":"status-publish","4":"has-post-thumbnail","6":"product_cat-artistique","7":"product_cat-boucles-doreilles","8":"product_cat-elegance","10":"first","11":"instock","12":"shipping-taxable","13":"purchasable","14":"product-type-simple"},"_links":{"self":[{"href":"https:\/\/les3univerre.fr\/en\/wp-json\/wp\/v2\/product\/1138","targetHints":{"allow":["GET"]}}],"collection":[{"href":"https:\/\/les3univerre.fr\/en\/wp-json\/wp\/v2\/product"}],"about":[{"href":"https:\/\/les3univerre.fr\/en\/wp-json\/wp\/v2\/types\/product"}],"replies":[{"embeddable":true,"href":"https:\/\/les3univerre.fr\/en\/wp-json\/wp\/v2\/comments?post=1138"}],"wp:featuredmedia":[{"embeddable":true,"href":"https:\/\/les3univerre.fr\/en\/wp-json\/wp\/v2\/media\/1122"}],"wp:attachment":[{"href":"https:\/\/les3univerre.fr\/en\/wp-json\/wp\/v2\/media?parent=1138"}],"wp:term":[{"taxonomy":"product_cat","embeddable":true,"href":"https:\/\/les3univerre.fr\/en\/wp-json\/wp\/v2\/product_cat?post=1138"},{"taxonomy":"product_tag","embeddable":true,"href":"https:\/\/les3univerre.fr\/en\/wp-json\/wp\/v2\/product_tag?post=1138"}],"curies":[{"name":"wp","href":"https:\/\/api.w.org\/{rel}","templated":true}]}}