{"id":388,"date":"2023-01-24T17:38:37","date_gmt":"2023-01-24T16:38:37","guid":{"rendered":"https:\/\/les3univerre.fr\/?post_type=product&#038;p=388"},"modified":"2025-05-05T15:53:34","modified_gmt":"2025-05-05T13:53:34","slug":"bijou-boucles-doreilles-sixties-pois-orange-sur-fond-vert-pistache","status":"publish","type":"product","link":"https:\/\/les3univerre.fr\/en\/product\/bijou-boucles-doreilles-sixties-pois-orange-sur-fond-vert-pistache\/","title":{"rendered":"Sixties earrings orange polka dots on pistachio green background"},"content":{"rendered":"<p>Retro earrings inspired by the sixties and sixties. They are mounted on 925 sterling silver earrings (gold-plated) for good skin tolerance.<\/p>\n<p>Orange polka dot pattern on a pistachio green background, gold star finish in stainless steel.<\/p>\n<p>Add a touch of retro freshness to your outfit!<\/p>","protected":false},"excerpt":{"rendered":"<p>Boucles d&#8217;oreilles pendantes r\u00e9tro inspir\u00e9es des ann\u00e9es sixties 60. Elles sont mont\u00e9es sur des boucles en argent 925 (plaqu\u00e9es de dor\u00e9) pour une bonne tol\u00e9rance de la peau. Motif pois orange sur fond vert pistache, finition \u00e9toile dor\u00e9e en acier inoxydable. Pour raviver votre tenue d&#8217;une touche de fra\u00eecheur r\u00e9tro !<\/p>","protected":false},"featured_media":391,"comment_status":"open","ping_status":"closed","template":"","meta":{"_seopress_robots_primary_cat":"none","_seopress_titles_title":"BOUCLES D'OREILLES SIXTIES ARTISANALES POIS ORANGE SUR FOND VERT PISTACHE ARGENT 925 PLAQUE DORE","_seopress_titles_desc":"Bijou Boucles d'oreilles sixties argent 925  pois orange sur fond vert pistache - site les3univerre","_seopress_robots_index":""},"product_cat":[48,16],"product_tag":[34],"class_list":{"0":"post-388","1":"product","2":"type-product","3":"status-publish","4":"has-post-thumbnail","6":"product_cat-artistique","7":"product_cat-boucles-doreilles","8":"product_tag-boucles-doreilles","10":"first","11":"instock","12":"sold-individually","13":"shipping-taxable","14":"purchasable","15":"product-type-simple"},"_links":{"self":[{"href":"https:\/\/les3univerre.fr\/en\/wp-json\/wp\/v2\/product\/388","targetHints":{"allow":["GET"]}}],"collection":[{"href":"https:\/\/les3univerre.fr\/en\/wp-json\/wp\/v2\/product"}],"about":[{"href":"https:\/\/les3univerre.fr\/en\/wp-json\/wp\/v2\/types\/product"}],"replies":[{"embeddable":true,"href":"https:\/\/les3univerre.fr\/en\/wp-json\/wp\/v2\/comments?post=388"}],"wp:featuredmedia":[{"embeddable":true,"href":"https:\/\/les3univerre.fr\/en\/wp-json\/wp\/v2\/media\/391"}],"wp:attachment":[{"href":"https:\/\/les3univerre.fr\/en\/wp-json\/wp\/v2\/media?parent=388"}],"wp:term":[{"taxonomy":"product_cat","embeddable":true,"href":"https:\/\/les3univerre.fr\/en\/wp-json\/wp\/v2\/product_cat?post=388"},{"taxonomy":"product_tag","embeddable":true,"href":"https:\/\/les3univerre.fr\/en\/wp-json\/wp\/v2\/product_tag?post=388"}],"curies":[{"name":"wp","href":"https:\/\/api.w.org\/{rel}","templated":true}]}}