{"id":474,"date":"2023-02-21T12:50:59","date_gmt":"2023-02-21T11:50:59","guid":{"rendered":"https:\/\/les3univerre.fr\/?post_type=product&#038;p=474"},"modified":"2025-05-05T17:18:33","modified_gmt":"2025-05-05T15:18:33","slug":"boucles-doreilles-murano-cartouche-rosees","status":"publish","type":"product","link":"https:\/\/les3univerre.fr\/en\/product\/boucles-doreilles-murano-cartouche-rosees\/","title":{"rendered":"Murano Cartouche pink earrings"},"content":{"rendered":"<ul>\n<li>925 silver earrings<\/li>\n<li>Murano glass pendant<\/li>\n<li>Multicoloured iridescent effect<\/li>\n<\/ul>\n<p>These earrings are a real eye-catcher, with their soft shades and modern motif. They're eye-catching because of the message that seems to be slipped inside like a secret.<\/p>\n<p>Wear with black, white or pale pink eveningwear.<\/p>\n<p>Pearl length: 2.8 cm<\/p>\n<p>Total length 4.8 cm<\/p>\n<p>Weight of one buckle: 7.63 g<\/p>","protected":false},"excerpt":{"rendered":"<p>Iridescent pink earrings - hand-crafted in Murano glass - 925 silver<\/p>","protected":false},"featured_media":477,"comment_status":"open","ping_status":"closed","template":"","meta":{"_seopress_robots_primary_cat":"none","_seopress_titles_title":"Boucles d'oreilles verre de Murano argent - cartouche rose","_seopress_titles_desc":"Les3univerre - Collection \u00e9l\u00e9gance - Boucles d'oreilles de cr\u00e9ateur, artisanales, en verre de Murano argent 925- cartouche rose iris\u00e9","_seopress_robots_index":""},"product_cat":[16,47],"product_tag":[34],"class_list":{"0":"post-474","1":"product","2":"type-product","3":"status-publish","4":"has-post-thumbnail","6":"product_cat-boucles-doreilles","7":"product_cat-elegance","8":"product_tag-boucles-doreilles","10":"first","11":"instock","12":"shipping-taxable","13":"purchasable","14":"product-type-simple"},"_links":{"self":[{"href":"https:\/\/les3univerre.fr\/en\/wp-json\/wp\/v2\/product\/474","targetHints":{"allow":["GET"]}}],"collection":[{"href":"https:\/\/les3univerre.fr\/en\/wp-json\/wp\/v2\/product"}],"about":[{"href":"https:\/\/les3univerre.fr\/en\/wp-json\/wp\/v2\/types\/product"}],"replies":[{"embeddable":true,"href":"https:\/\/les3univerre.fr\/en\/wp-json\/wp\/v2\/comments?post=474"}],"wp:featuredmedia":[{"embeddable":true,"href":"https:\/\/les3univerre.fr\/en\/wp-json\/wp\/v2\/media\/477"}],"wp:attachment":[{"href":"https:\/\/les3univerre.fr\/en\/wp-json\/wp\/v2\/media?parent=474"}],"wp:term":[{"taxonomy":"product_cat","embeddable":true,"href":"https:\/\/les3univerre.fr\/en\/wp-json\/wp\/v2\/product_cat?post=474"},{"taxonomy":"product_tag","embeddable":true,"href":"https:\/\/les3univerre.fr\/en\/wp-json\/wp\/v2\/product_tag?post=474"}],"curies":[{"name":"wp","href":"https:\/\/api.w.org\/{rel}","templated":true}]}}