{"id":481,"date":"2023-02-21T12:58:44","date_gmt":"2023-02-21T11:58:44","guid":{"rendered":"https:\/\/les3univerre.fr\/?post_type=product&#038;p=481"},"modified":"2025-05-05T17:18:24","modified_gmt":"2025-05-05T15:18:24","slug":"collier-cartouche-rose-en-verre-de-murano","status":"publish","type":"product","link":"https:\/\/les3univerre.fr\/en\/product\/collier-cartouche-rose-en-verre-de-murano\/","title":{"rendered":"Murano glass pink cartouche necklace"},"content":{"rendered":"<ul>\n<li>925 silver necklace<\/li>\n<li>cable knit<\/li>\n<li>Murano glass pendant, mounted on a 925 sterling silver stud<\/li>\n<li>Unique designer piece<\/li>\n<\/ul>\n<p>This discreet yet modern pendant features soft colours combining powder pink with a multicoloured iridescent effect.<br \/>\nIt catches the eye with the secret message that seems to be slipped inside.<\/p>\n<p>It will look great with a black, white or light pink outfit.<\/p>\n<p>Chain length: 42 cm<\/p>\n<p>Pearl: 3.2 cm<\/p>\n<p>Weight : 7.71 g<\/p>","protected":false},"excerpt":{"rendered":"<p>Pink Murano glass on 925 sterling silver earrings<\/p>","protected":false},"featured_media":478,"comment_status":"open","ping_status":"closed","template":"","meta":{"_seopress_robots_primary_cat":"none","_seopress_titles_title":"Boucles d'oreilles verre de Murano - argent 925 - rose poudr\u00e9 iris\u00e9","_seopress_titles_desc":"Les3univerre - Collection \u00e9l\u00e9gance - Boucles d'oreilles rose poudr\u00e9 iris\u00e9 en verre de Murano - Bijou de cr\u00e9ateur - pi\u00e8ce unique artisanale - argent 925","_seopress_robots_index":""},"product_cat":[17,47],"product_tag":[34],"class_list":{"0":"post-481","1":"product","2":"type-product","3":"status-publish","4":"has-post-thumbnail","6":"product_cat-colliers","7":"product_cat-elegance","8":"product_tag-boucles-doreilles","10":"first","11":"instock","12":"shipping-taxable","13":"purchasable","14":"product-type-simple"},"_links":{"self":[{"href":"https:\/\/les3univerre.fr\/en\/wp-json\/wp\/v2\/product\/481","targetHints":{"allow":["GET"]}}],"collection":[{"href":"https:\/\/les3univerre.fr\/en\/wp-json\/wp\/v2\/product"}],"about":[{"href":"https:\/\/les3univerre.fr\/en\/wp-json\/wp\/v2\/types\/product"}],"replies":[{"embeddable":true,"href":"https:\/\/les3univerre.fr\/en\/wp-json\/wp\/v2\/comments?post=481"}],"wp:featuredmedia":[{"embeddable":true,"href":"https:\/\/les3univerre.fr\/en\/wp-json\/wp\/v2\/media\/478"}],"wp:attachment":[{"href":"https:\/\/les3univerre.fr\/en\/wp-json\/wp\/v2\/media?parent=481"}],"wp:term":[{"taxonomy":"product_cat","embeddable":true,"href":"https:\/\/les3univerre.fr\/en\/wp-json\/wp\/v2\/product_cat?post=481"},{"taxonomy":"product_tag","embeddable":true,"href":"https:\/\/les3univerre.fr\/en\/wp-json\/wp\/v2\/product_tag?post=481"}],"curies":[{"name":"wp","href":"https:\/\/api.w.org\/{rel}","templated":true}]}}