{"id":484,"date":"2023-02-21T14:07:00","date_gmt":"2023-02-21T13:07:00","guid":{"rendered":"https:\/\/les3univerre.fr\/?post_type=product&#038;p=484"},"modified":"2025-10-25T21:12:32","modified_gmt":"2025-10-25T19:12:32","slug":"pendentif-fleur-tourmentee-prune","status":"publish","type":"product","link":"https:\/\/les3univerre.fr\/en\/product\/pendentif-fleur-tourmentee-prune\/","title":{"rendered":"Plum tormented flower pendant"},"content":{"rendered":"<ul>\n<li>Murano glass pendant<\/li>\n<li>Unique hand-crafted creation<\/li>\n<li>Implosion of multicoloured petals (yellow, white, cream, blue-green, orange, mustard, plum) on a transparent plum background<\/li>\n<li>Orange aventurine inlay<\/li>\n<li>Gold-plated stainless steel chain \/ very good tolerance<\/li>\n<\/ul>\n<p>This multicoloured pendant is striking for its gradations of colour.<\/p>\n<p>It can be worn with a multitude of outfits for a bohemian, chic or classic effect. Surprising, it will attract the curiosity of those around you and make you shine!<\/p>\n<p>&nbsp;<\/p>\n<p>Weight : 13.41 g<\/p>\n<p>Chain length: 50 cm<\/p>\n<p>Pendant dimensions: length: 31 mm width: 24 mm<\/p>\n<p>&nbsp;<\/p>","protected":false},"excerpt":{"rendered":"<p>Murano glass implosion tormented flower pendant<\/p>","protected":false},"featured_media":488,"comment_status":"open","ping_status":"closed","template":"","meta":{"_seopress_robots_primary_cat":"none","_seopress_titles_title":"Collier implosion fleur tourment\u00e9e en verre de Murano","_seopress_titles_desc":"Les3univerre - Collection curiosit\u00e9s - Pi\u00e8ce unique de cr\u00e9ateur - Implosion en verre de Murano - fleur tourment\u00e9e multicolore - Cha\u00eene acier dor\u00e9e inoxydable","_seopress_robots_index":""},"product_cat":[17,49],"product_tag":[33],"class_list":{"0":"post-484","1":"product","2":"type-product","3":"status-publish","4":"has-post-thumbnail","6":"product_cat-colliers","7":"product_cat-curiosites","8":"product_tag-collier","10":"first","11":"instock","12":"shipping-taxable","13":"purchasable","14":"product-type-simple"},"_links":{"self":[{"href":"https:\/\/les3univerre.fr\/en\/wp-json\/wp\/v2\/product\/484","targetHints":{"allow":["GET"]}}],"collection":[{"href":"https:\/\/les3univerre.fr\/en\/wp-json\/wp\/v2\/product"}],"about":[{"href":"https:\/\/les3univerre.fr\/en\/wp-json\/wp\/v2\/types\/product"}],"replies":[{"embeddable":true,"href":"https:\/\/les3univerre.fr\/en\/wp-json\/wp\/v2\/comments?post=484"}],"wp:featuredmedia":[{"embeddable":true,"href":"https:\/\/les3univerre.fr\/en\/wp-json\/wp\/v2\/media\/488"}],"wp:attachment":[{"href":"https:\/\/les3univerre.fr\/en\/wp-json\/wp\/v2\/media?parent=484"}],"wp:term":[{"taxonomy":"product_cat","embeddable":true,"href":"https:\/\/les3univerre.fr\/en\/wp-json\/wp\/v2\/product_cat?post=484"},{"taxonomy":"product_tag","embeddable":true,"href":"https:\/\/les3univerre.fr\/en\/wp-json\/wp\/v2\/product_tag?post=484"}],"curies":[{"name":"wp","href":"https:\/\/api.w.org\/{rel}","templated":true}]}}