{"id":496,"date":"2023-02-21T14:37:18","date_gmt":"2023-02-21T13:37:18","guid":{"rendered":"https:\/\/les3univerre.fr\/?post_type=product&#038;p=496"},"modified":"2025-05-05T17:17:12","modified_gmt":"2025-05-05T15:17:12","slug":"implosion-multicolore","status":"publish","type":"product","link":"https:\/\/les3univerre.fr\/en\/product\/implosion-multicolore\/","title":{"rendered":"Multicoloured implosion"},"content":{"rendered":"<ul>\n<li>Murano glass pendant<\/li>\n<li>Unique hand-crafted creation<\/li>\n<li>Implosion of multicoloured petals (pinkish yellow, red, electric blue) on a black creamy brown background<\/li>\n<li>Orange aventurine inlay<\/li>\n<li>Bubble inlay<\/li>\n<li>Gold-plated stainless steel chain \/ very good tolerance<\/li>\n<\/ul>\n<p>This multicoloured pendant is striking for its gradations of colour.<\/p>\n<p>It can be worn with outfits in yellow, electric blue, white or black for a bohemian, chic or classic effect.<\/p>\n<p>Its intensity will attract the curiosity of your friends and family for guaranteed effect!<\/p>\n<p>&nbsp;<\/p>\n<p>Weight : 9.97 g<\/p>\n<p>Chain length: 50 cm<\/p>\n<p>Pendant dimensions: length: 26 mm width: 18 mm<\/p>","protected":false},"excerpt":{"rendered":"<p>Electric implosion of a Murano glass flower<\/p>","protected":false},"featured_media":500,"comment_status":"open","ping_status":"closed","template":"","meta":{"_seopress_robots_primary_cat":"none","_seopress_titles_title":"Collier pendentif en verre de Murano - implosion de fleur","_seopress_titles_desc":"Les3univerre- collection Curiosit\u00e9s- Cr\u00e9ation unique- implosion fleur multicolore en verre de Murano- inclusion bulles aventurine- acier dor\u00e9 inoxydable","_seopress_robots_index":""},"product_cat":[17,49],"product_tag":[33],"class_list":{"0":"post-496","1":"product","2":"type-product","3":"status-publish","4":"has-post-thumbnail","6":"product_cat-colliers","7":"product_cat-curiosites","8":"product_tag-collier","10":"first","11":"instock","12":"shipping-taxable","13":"purchasable","14":"product-type-simple"},"_links":{"self":[{"href":"https:\/\/les3univerre.fr\/en\/wp-json\/wp\/v2\/product\/496","targetHints":{"allow":["GET"]}}],"collection":[{"href":"https:\/\/les3univerre.fr\/en\/wp-json\/wp\/v2\/product"}],"about":[{"href":"https:\/\/les3univerre.fr\/en\/wp-json\/wp\/v2\/types\/product"}],"replies":[{"embeddable":true,"href":"https:\/\/les3univerre.fr\/en\/wp-json\/wp\/v2\/comments?post=496"}],"wp:featuredmedia":[{"embeddable":true,"href":"https:\/\/les3univerre.fr\/en\/wp-json\/wp\/v2\/media\/500"}],"wp:attachment":[{"href":"https:\/\/les3univerre.fr\/en\/wp-json\/wp\/v2\/media?parent=496"}],"wp:term":[{"taxonomy":"product_cat","embeddable":true,"href":"https:\/\/les3univerre.fr\/en\/wp-json\/wp\/v2\/product_cat?post=496"},{"taxonomy":"product_tag","embeddable":true,"href":"https:\/\/les3univerre.fr\/en\/wp-json\/wp\/v2\/product_tag?post=496"}],"curies":[{"name":"wp","href":"https:\/\/api.w.org\/{rel}","templated":true}]}}