{"id":553,"date":"2023-02-21T19:09:23","date_gmt":"2023-02-21T18:09:23","guid":{"rendered":"https:\/\/les3univerre.fr\/?post_type=product&#038;p=553"},"modified":"2025-05-05T15:52:11","modified_gmt":"2025-05-05T13:52:11","slug":"boucles-doreilles-tendance-2023-argent-925","status":"publish","type":"product","link":"https:\/\/les3univerre.fr\/en\/product\/boucles-doreilles-tendance-2023-argent-925\/","title":{"rendered":"925 silver earrings"},"content":{"rendered":"<ul>\n<li>Earrings mounted on 925 gold-plated silver earrings<\/li>\n<li>2 Murano glass beads adorn the buckle<\/li>\n<li>Asymmetrical patterns with the bottom colour<\/li>\n<li>Finished with stainless steel drop pendant<\/li>\n<\/ul>\n<p>&nbsp;<\/p>\n<p>This very discreet, lightweight set is perfect for a classic, professional ensemble and goes perfectly with the matching bracelet.<\/p>","protected":false},"excerpt":{"rendered":"<p>Trendy earrings 2023 in 925 sterling silver<\/p>","protected":false},"featured_media":551,"comment_status":"open","ping_status":"closed","template":"","meta":{"_seopress_robots_primary_cat":"none","_seopress_titles_title":"Boucles d'oreilles Murano goutte tendance 2023 argent 925 plaqu\u00e9 or","_seopress_titles_desc":"Les3univerre - Collection El\u00e9gance - Pi\u00e8ce unique de cr\u00e9ateur - Boucles d'oreilles aux couleurs tendance 2023 en argent 925 en verre de Murano","_seopress_robots_index":""},"product_cat":[27,16],"product_tag":[37],"class_list":{"0":"post-553","1":"product","2":"type-product","3":"status-publish","4":"has-post-thumbnail","6":"product_cat-argent-999","7":"product_cat-boucles-doreilles","8":"product_tag-boucles","10":"first","11":"instock","12":"shipping-taxable","13":"purchasable","14":"product-type-simple"},"_links":{"self":[{"href":"https:\/\/les3univerre.fr\/en\/wp-json\/wp\/v2\/product\/553","targetHints":{"allow":["GET"]}}],"collection":[{"href":"https:\/\/les3univerre.fr\/en\/wp-json\/wp\/v2\/product"}],"about":[{"href":"https:\/\/les3univerre.fr\/en\/wp-json\/wp\/v2\/types\/product"}],"replies":[{"embeddable":true,"href":"https:\/\/les3univerre.fr\/en\/wp-json\/wp\/v2\/comments?post=553"}],"wp:featuredmedia":[{"embeddable":true,"href":"https:\/\/les3univerre.fr\/en\/wp-json\/wp\/v2\/media\/551"}],"wp:attachment":[{"href":"https:\/\/les3univerre.fr\/en\/wp-json\/wp\/v2\/media?parent=553"}],"wp:term":[{"taxonomy":"product_cat","embeddable":true,"href":"https:\/\/les3univerre.fr\/en\/wp-json\/wp\/v2\/product_cat?post=553"},{"taxonomy":"product_tag","embeddable":true,"href":"https:\/\/les3univerre.fr\/en\/wp-json\/wp\/v2\/product_tag?post=553"}],"curies":[{"name":"wp","href":"https:\/\/api.w.org\/{rel}","templated":true}]}}