{"id":66,"date":"2023-01-16T12:13:19","date_gmt":"2023-01-16T11:13:19","guid":{"rendered":"https:\/\/les3univerre.fr\/?post_type=product&#038;p=66"},"modified":"2025-10-25T21:12:32","modified_gmt":"2025-10-25T19:12:32","slug":"bracelet-perles-de-murano-colorees-et-perles-acier-inoxydable","status":"publish","type":"product","link":"https:\/\/les3univerre.fr\/en\/product\/bracelet-perles-de-murano-colorees-et-perles-acier-inoxydable\/","title":{"rendered":"Bracelet with coloured Murano beads and stainless steel beads"},"content":{"rendered":"<ul>\n<li>11 Murano beads spun with a blowtorch<\/li>\n<li>12 stainless steel spacer beads<\/li>\n<li>Mounted on waxed cotton thread<\/li>\n<li>Sliding macram\u00e9 closure<\/li>\n<\/ul>\n<p>Size of a Murano glass bead: 1.2 cm.<\/p>\n<p>Bracelet size: from 16.5 cm to 22 cm<\/p>","protected":false},"excerpt":{"rendered":"<p>11 coloured glass beads bracelet with stainless steel spacers mounted on macram\u00e9 adjustable waxed cotton thread.<\/p>","protected":false},"featured_media":69,"comment_status":"open","ping_status":"closed","template":"","meta":{"_seopress_robots_primary_cat":"none","_seopress_titles_title":"Bracelet 11 perles de Murano","_seopress_titles_desc":"Les3univerre - Collection artistique - Pi\u00e8ce de cr\u00e9ateur unique - bracelet 11 perles en verre de Murano - fil coton cir\u00e9 r\u00e9glable par macram\u00e9","_seopress_robots_index":""},"product_cat":[48,18],"product_tag":[35],"class_list":{"0":"post-66","1":"product","2":"type-product","3":"status-publish","4":"has-post-thumbnail","6":"product_cat-artistique","7":"product_cat-bracelets","8":"product_tag-bracelet","10":"first","11":"instock","12":"shipping-taxable","13":"purchasable","14":"product-type-simple"},"_links":{"self":[{"href":"https:\/\/les3univerre.fr\/en\/wp-json\/wp\/v2\/product\/66","targetHints":{"allow":["GET"]}}],"collection":[{"href":"https:\/\/les3univerre.fr\/en\/wp-json\/wp\/v2\/product"}],"about":[{"href":"https:\/\/les3univerre.fr\/en\/wp-json\/wp\/v2\/types\/product"}],"replies":[{"embeddable":true,"href":"https:\/\/les3univerre.fr\/en\/wp-json\/wp\/v2\/comments?post=66"}],"wp:featuredmedia":[{"embeddable":true,"href":"https:\/\/les3univerre.fr\/en\/wp-json\/wp\/v2\/media\/69"}],"wp:attachment":[{"href":"https:\/\/les3univerre.fr\/en\/wp-json\/wp\/v2\/media?parent=66"}],"wp:term":[{"taxonomy":"product_cat","embeddable":true,"href":"https:\/\/les3univerre.fr\/en\/wp-json\/wp\/v2\/product_cat?post=66"},{"taxonomy":"product_tag","embeddable":true,"href":"https:\/\/les3univerre.fr\/en\/wp-json\/wp\/v2\/product_tag?post=66"}],"curies":[{"name":"wp","href":"https:\/\/api.w.org\/{rel}","templated":true}]}}