{"id":719,"date":"2024-01-30T19:02:41","date_gmt":"2024-01-30T18:02:41","guid":{"rendered":"https:\/\/les3univerre.fr\/?post_type=product&#038;p=719"},"modified":"2025-05-05T15:48:58","modified_gmt":"2025-05-05T13:48:58","slug":"boucles-doreilles-en-argent-999-effet-degrade-oxyde","status":"publish","type":"product","link":"https:\/\/les3univerre.fr\/en\/product\/boucles-doreilles-en-argent-999-effet-degrade-oxyde\/","title":{"rendered":"Earrings in 999 sterling silver, oxidised gradient effect"},"content":{"rendered":"<p>What an original piece of jewellery!<\/p>\n<ul>\n<li>Long pair of earrings in sterling silver 999<\/li>\n<li>Unique, fine craftsmanship<\/li>\n<li>Degraded oxidation effect<\/li>\n<li>925 silver hooksElegant and lightweight, they're sure to win you over with their trendy look and the rusty, bluish, green and gradations of pure silver.A precious, timeless metal that's perfect for all skin tones.<br \/>\nThese earrings can be worn with both sober and colourful outfits. There's a style for everyone! Casual or classy, these earrings will match your outfit whatever the occasion.Weight : 4.25 g per pair<\/li>\n<\/ul>","protected":false},"excerpt":{"rendered":"<p>Earrings in 999 sterling silver, oxidised gradient effect (rust, blue and green highlights)<\/p>","protected":false},"featured_media":726,"comment_status":"open","ping_status":"closed","template":"","meta":{"_seopress_robots_primary_cat":"none","_seopress_titles_title":"","_seopress_titles_desc":"Longues boucles d'oreilles en argent 999, d\u00e9grad\u00e9 oxyd\u00e9 (reflets rouille, bleut\u00e9 et vert) - 4.25g la paire - Boutique Les 3 uni'Verre - Collection argent","_seopress_robots_index":""},"product_cat":[27,16],"product_tag":[38,34],"class_list":{"0":"post-719","1":"product","2":"type-product","3":"status-publish","4":"has-post-thumbnail","6":"product_cat-argent-999","7":"product_cat-boucles-doreilles","8":"product_tag-argent-999","9":"product_tag-boucles-doreilles","11":"first","12":"instock","13":"shipping-taxable","14":"purchasable","15":"product-type-simple"},"_links":{"self":[{"href":"https:\/\/les3univerre.fr\/en\/wp-json\/wp\/v2\/product\/719","targetHints":{"allow":["GET"]}}],"collection":[{"href":"https:\/\/les3univerre.fr\/en\/wp-json\/wp\/v2\/product"}],"about":[{"href":"https:\/\/les3univerre.fr\/en\/wp-json\/wp\/v2\/types\/product"}],"replies":[{"embeddable":true,"href":"https:\/\/les3univerre.fr\/en\/wp-json\/wp\/v2\/comments?post=719"}],"wp:featuredmedia":[{"embeddable":true,"href":"https:\/\/les3univerre.fr\/en\/wp-json\/wp\/v2\/media\/726"}],"wp:attachment":[{"href":"https:\/\/les3univerre.fr\/en\/wp-json\/wp\/v2\/media?parent=719"}],"wp:term":[{"taxonomy":"product_cat","embeddable":true,"href":"https:\/\/les3univerre.fr\/en\/wp-json\/wp\/v2\/product_cat?post=719"},{"taxonomy":"product_tag","embeddable":true,"href":"https:\/\/les3univerre.fr\/en\/wp-json\/wp\/v2\/product_tag?post=719"}],"curies":[{"name":"wp","href":"https:\/\/api.w.org\/{rel}","templated":true}]}}