{"id":729,"date":"2024-01-30T20:04:56","date_gmt":"2024-01-30T19:04:56","guid":{"rendered":"https:\/\/les3univerre.fr\/?post_type=product&#038;p=729"},"modified":"2025-05-05T15:56:38","modified_gmt":"2025-05-05T13:56:38","slug":"anneau-en-argent-massif-999-motif-filigrane","status":"publish","type":"product","link":"https:\/\/les3univerre.fr\/en\/product\/anneau-en-argent-massif-999-motif-filigrane\/","title":{"rendered":"Ring in solid 999 silver with filigree pattern"},"content":{"rendered":"<p>Are you looking for a unique piece of precious metal made entirely by hand?<\/p>\n<p>Singular, trendy and timeless, here's a creation that will leave no one indifferent.<\/p>\n<ul>\n<li>999 silver ring<\/li>\n<li>Solid silver<\/li>\n<li>Watermark pattern<\/li>\n<\/ul>\n<p>Size 15<\/p>\n<p>Weight : 6.73 g<\/p>","protected":false},"excerpt":{"rendered":"<p>Ring in solid 999 silver with filigree pattern, size 15<\/p>","protected":false},"featured_media":732,"comment_status":"open","ping_status":"closed","template":"","meta":{"_seopress_robots_primary_cat":"","_seopress_titles_title":"Anneau en argent massif 999 motif filigran\u00e9 - Boutique Les 3 uni'Verre - Collection argent","_seopress_titles_desc":"Anneau en argent massif 999 motif filigran\u00e9 - Cr\u00e9ation artisanale - Boutique Les 3 uni'Verre - Collection argent","_seopress_robots_index":""},"product_cat":[27,56],"product_tag":[40,39],"class_list":{"0":"post-729","1":"product","2":"type-product","3":"status-publish","4":"has-post-thumbnail","6":"product_cat-argent-999","7":"product_cat-bague","8":"product_tag-anneau","9":"product_tag-bague","11":"first","12":"instock","13":"shipping-taxable","14":"purchasable","15":"product-type-simple"},"_links":{"self":[{"href":"https:\/\/les3univerre.fr\/en\/wp-json\/wp\/v2\/product\/729","targetHints":{"allow":["GET"]}}],"collection":[{"href":"https:\/\/les3univerre.fr\/en\/wp-json\/wp\/v2\/product"}],"about":[{"href":"https:\/\/les3univerre.fr\/en\/wp-json\/wp\/v2\/types\/product"}],"replies":[{"embeddable":true,"href":"https:\/\/les3univerre.fr\/en\/wp-json\/wp\/v2\/comments?post=729"}],"wp:featuredmedia":[{"embeddable":true,"href":"https:\/\/les3univerre.fr\/en\/wp-json\/wp\/v2\/media\/732"}],"wp:attachment":[{"href":"https:\/\/les3univerre.fr\/en\/wp-json\/wp\/v2\/media?parent=729"}],"wp:term":[{"taxonomy":"product_cat","embeddable":true,"href":"https:\/\/les3univerre.fr\/en\/wp-json\/wp\/v2\/product_cat?post=729"},{"taxonomy":"product_tag","embeddable":true,"href":"https:\/\/les3univerre.fr\/en\/wp-json\/wp\/v2\/product_tag?post=729"}],"curies":[{"name":"wp","href":"https:\/\/api.w.org\/{rel}","templated":true}]}}