{"id":847,"date":"2025-01-15T14:40:27","date_gmt":"2025-01-15T13:40:27","guid":{"rendered":"https:\/\/les3univerre.fr\/?post_type=product&#038;p=847"},"modified":"2026-01-14T11:24:38","modified_gmt":"2026-01-14T10:24:38","slug":"commande-collier-medaillon-violet","status":"publish","type":"product","link":"https:\/\/les3univerre.fr\/en\/product\/commande-collier-medaillon-violet\/","title":{"rendered":"Purple medallion necklace"},"content":{"rendered":"<h1>Violet Murano glass bead mounted on a 925 silver necklace.<\/h1>\n<p>The pearl measures 5cm and the necklace 45cm.<\/p>\n<p>Handmade in my workshop in Allogny.<\/p>\n<p>Delivered in an elegant box made from high-quality recycled cardboard.<\/p>\n<p>&nbsp;<\/p>","protected":false},"excerpt":{"rendered":"<p>Perle de verre de Murano violette mont\u00e9e sur un collier en argent 925. La perle mesure 5cm et le collier 45 cm. Confection artisanale dans mon atelier \u00e0 Allogny. Livr\u00e9e dans une \u00e9l\u00e9gante bo\u00eete en carton recycl\u00e9 de manufacture de qualit\u00e9. &nbsp;<\/p>","protected":false},"featured_media":852,"comment_status":"open","ping_status":"closed","template":"","meta":{"_seopress_robots_primary_cat":"none","_seopress_titles_title":"","_seopress_titles_desc":"","_seopress_robots_index":""},"product_cat":[17,47],"product_tag":[],"class_list":{"0":"post-847","1":"product","2":"type-product","3":"status-publish","4":"has-post-thumbnail","6":"product_cat-colliers","7":"product_cat-elegance","9":"first","10":"instock","11":"shipping-taxable","12":"purchasable","13":"product-type-simple"},"_links":{"self":[{"href":"https:\/\/les3univerre.fr\/en\/wp-json\/wp\/v2\/product\/847","targetHints":{"allow":["GET"]}}],"collection":[{"href":"https:\/\/les3univerre.fr\/en\/wp-json\/wp\/v2\/product"}],"about":[{"href":"https:\/\/les3univerre.fr\/en\/wp-json\/wp\/v2\/types\/product"}],"replies":[{"embeddable":true,"href":"https:\/\/les3univerre.fr\/en\/wp-json\/wp\/v2\/comments?post=847"}],"wp:featuredmedia":[{"embeddable":true,"href":"https:\/\/les3univerre.fr\/en\/wp-json\/wp\/v2\/media\/852"}],"wp:attachment":[{"href":"https:\/\/les3univerre.fr\/en\/wp-json\/wp\/v2\/media?parent=847"}],"wp:term":[{"taxonomy":"product_cat","embeddable":true,"href":"https:\/\/les3univerre.fr\/en\/wp-json\/wp\/v2\/product_cat?post=847"},{"taxonomy":"product_tag","embeddable":true,"href":"https:\/\/les3univerre.fr\/en\/wp-json\/wp\/v2\/product_tag?post=847"}],"curies":[{"name":"wp","href":"https:\/\/api.w.org\/{rel}","templated":true}]}}